{"id":125,"date":"2024-06-26T15:53:59","date_gmt":"2024-06-26T15:53:59","guid":{"rendered":"https:\/\/1xbetx.com\/?page_id=125"},"modified":"2024-07-03T13:00:50","modified_gmt":"2024-07-03T13:00:50","slug":"danh-gia-1xbet-tai-xuong-apk-va-ma-khuyen-mai","status":"publish","type":"page","link":"https:\/\/1xbetx.com\/vi\/","title":{"rendered":"\u0110\u00e1nh gi\u00e1 1xbet, T\u1ea3i xu\u1ed1ng APK v\u00e0 M\u00e3 khuy\u1ebfn m\u00e3i"},"content":{"rendered":"\n<p>1xBet l\u00e0 m\u1ed9t n\u1ec1n t\u1ea3ng c\u00e1 c\u01b0\u1ee3c tr\u1ef1c tuy\u1ebfn n\u1ed5i ti\u1ebfng, thu h\u00fat \u0111\u01b0\u1ee3c m\u1ed9t l\u01b0\u1ee3ng l\u1edbn ng\u01b0\u1eddi d\u00f9ng nh\u1edd v\u00e0o c\u00e1c t\u00f9y ch\u1ecdn c\u00e1 c\u01b0\u1ee3c \u0111a d\u1ea1ng v\u00e0 c\u00e1c t\u00ednh n\u0103ng th\u00e2n thi\u1ec7n v\u1edbi ng\u01b0\u1eddi d\u00f9ng. N\u1ec1n t\u1ea3ng n\u00e0y bao g\u1ed3m c\u00e1 c\u01b0\u1ee3c th\u1ec3 thao, tr\u00f2 ch\u01a1i casino, c\u00e1 c\u01b0\u1ee3c tr\u1ef1c ti\u1ebfp v\u00e0 nhi\u1ec1u h\u01a1n n\u1eefa, c\u00f3 th\u1ec3 truy c\u1eadp qua c\u1ea3 trang web v\u00e0 \u1ee9ng d\u1ee5ng di \u0111\u1ed9ng chuy\u00ean d\u1ee5ng. D\u01b0\u1edbi \u0111\u00e2y l\u00e0 b\u1ea3ng t\u00f3m t\u1eaft th\u00f4ng tin ch\u00ednh v\u1ec1 1xBet:<\/p>\n\n\n\n<figure class=\"wp-block-table\"><table><thead><tr><th>\u0110\u1eb7c \u0110i\u1ec3m<\/th><th>Chi Ti\u1ebft<\/th><\/tr><\/thead><tbody><tr><td>Th\u00e0nh L\u1eadp<\/td><td>2007<\/td><\/tr><tr><td>Tr\u1ee5 S\u1edf<\/td><td>S\u00edp<\/td><\/tr><tr><td>Kh\u1ea3 D\u1ee5ng<\/td><td>H\u01a1n 130 qu\u1ed1c gia<\/td><\/tr><tr><td>Gi\u1ea5y Ph\u00e9p<\/td><td>Gi\u1ea5y ph\u00e9p Cura\u00e7ao eGaming<\/td><\/tr><tr><td>Trang Web<\/td><td><a href=\"https:\/\/www.1xbet.com\">Trang Web 1xBet<\/a><\/td><\/tr><tr><td>\u1ee8ng D\u1ee5ng Di \u0110\u1ed9ng<\/td><td>C\u00f3 s\u1eb5n cho Android v\u00e0 iOS<\/td><\/tr><tr><td>C\u00e1c M\u00f4n Th\u1ec3 Thao<\/td><td>B\u00f3ng \u0111\u00e1, Cricket, Tennis, E-sports v\u00e0 nhi\u1ec1u m\u00f4n kh\u00e1c<\/td><\/tr><tr><td>Tr\u00f2 Ch\u01a1i Casino<\/td><td>Slots, Tr\u00f2 ch\u01a1i b\u00e0n, Tr\u00f2 ch\u01a1i v\u1edbi Dealer tr\u1ef1c ti\u1ebfp, v.v.<\/td><\/tr><tr><td>Ph\u01b0\u01a1ng Th\u1ee9c Thanh To\u00e1n<\/td><td>Th\u1ebb t\u00edn d\u1ee5ng, V\u00ed \u0111i\u1ec7n t\u1eed, Ti\u1ec1n \u0111i\u1ec7n t\u1eed, Chuy\u1ec3n kho\u1ea3n ng\u00e2n h\u00e0ng<\/td><\/tr><tr><td>H\u1ed7 Tr\u1ee3 Kh\u00e1ch H\u00e0ng<\/td><td>24\/7 qua Chat Tr\u1ef1c Tuy\u1ebfn, Email v\u00e0 \u0110i\u1ec7n tho\u1ea1i<\/td><\/tr><tr><td>\u0110\u00e1nh Gi\u00e1 1xBet<\/td><td>\u2605\u2605\u2605\u2605\u2605<\/td><\/tr><\/tbody><\/table><\/figure>\n\n\n\n<h2 class=\"wp-block-heading\" id=\"h-gi\u1edbi-thi\u1ec7u-v\u1ec1-1xbet\">Gi\u1edbi Thi\u1ec7u v\u1ec1 1xBet<\/h2>\n\n\n\n<p>\u0110\u01b0\u1ee3c th\u00e0nh l\u1eadp v\u00e0o n\u0103m 2007 v\u00e0 c\u00f3 tr\u1ee5 s\u1edf ch\u00ednh t\u1ea1i S\u00edp, 1xBet \u0111\u00e3 m\u1edf r\u1ed9ng d\u1ecbch v\u1ee5 c\u1ee7a m\u00ecnh tr\u00ean to\u00e0n c\u1ea7u, cung c\u1ea5p nhi\u1ec1u t\u00f9y ch\u1ecdn c\u00e1 c\u01b0\u1ee3c tr\u00ean c\u00e1c m\u00f4n th\u1ec3 thao, e-sports v\u00e0 c\u00e1c s\u1ef1 ki\u1ec7n gi\u1ea3i tr\u00ed. N\u1ec1n t\u1ea3ng n\u00e0y \u0111\u1eb7c bi\u1ec7t n\u1ed5i ti\u1ebfng v\u1edbi \u0111\u1ed9 s\u00e2u c\u1ee7a th\u1ecb tr\u01b0\u1eddng c\u00e1 c\u01b0\u1ee3c, t\u1ef7 l\u1ec7 c\u01b0\u1ee3c c\u1ea1nh tranh v\u00e0 c\u00e1c t\u00ednh n\u0103ng nh\u01b0 c\u00e1 c\u01b0\u1ee3c tr\u1ef1c ti\u1ebfp v\u00e0 t\u00f9y ch\u1ecdn r\u00fat ti\u1ec1n m\u1eb7t.<\/p>\n\n\n\n<h2 class=\"wp-block-heading\" id=\"h-\u1ee9ng-d\u1ee5ng-di-d\u1ed9ng-1xbet\">\u1ee8ng D\u1ee5ng Di \u0110\u1ed9ng 1xBet<\/h2>\n\n\n\n<p>\u1ee8ng d\u1ee5ng di \u0111\u1ed9ng 1xBet n\u00e2ng cao tr\u1ea3i nghi\u1ec7m c\u00e1 c\u01b0\u1ee3c b\u1eb1ng c\u00e1ch l\u00e0m cho n\u00f3 c\u00f3 th\u1ec3 truy c\u1eadp t\u1eeb b\u1ea5t k\u1ef3 \u0111\u00e2u v\u00e0 b\u1ea5t k\u1ef3 l\u00fac n\u00e0o. \u1ee8ng d\u1ee5ng n\u00e0y ph\u1ea3n \u00e1nh ch\u1ee9c n\u0103ng c\u1ee7a trang web nh\u01b0ng \u0111\u01b0\u1ee3c t\u1ed1i \u01b0u h\u00f3a cho c\u00e1c thi\u1ebft b\u1ecb di \u0111\u1ed9ng, cung c\u1ea5p giao di\u1ec7n tr\u1ef1c quan v\u00e0 d\u1ec5 s\u1eed d\u1ee5ng.<\/p>\n\n\n\n<h3 class=\"wp-block-heading\" id=\"h-cac-tinh-nang-c\u1ee7a-\u1ee9ng-d\u1ee5ng-1xbet\">C\u00e1c T\u00ednh N\u0103ng c\u1ee7a \u1ee8ng D\u1ee5ng 1xBet:<\/h3>\n\n\n\n<ul class=\"wp-block-list\">\n<li><strong>Giao Di\u1ec7n Ng\u01b0\u1eddi D\u00f9ng<\/strong>: \u1ee8ng d\u1ee5ng c\u00f3 thi\u1ebft k\u1ebf s\u1ea1ch s\u1ebd v\u00e0 \u0111\u01a1n gi\u1ea3n, gi\u00fap d\u1ec5 d\u00e0ng \u0111i\u1ec1u h\u01b0\u1edbng ngay c\u1ea3 \u0111\u1ed1i v\u1edbi ng\u01b0\u1eddi m\u1edbi b\u1eaft \u0111\u1ea7u.<\/li>\n\n\n\n<li><strong>C\u00e1 C\u01b0\u1ee3c Tr\u1ef1c Ti\u1ebfp<\/strong>: Ng\u01b0\u1eddi d\u00f9ng c\u00f3 th\u1ec3 \u0111\u1eb7t c\u01b0\u1ee3c v\u00e0o c\u00e1c tr\u1eadn \u0111\u1ea5u \u0111ang di\u1ec5n ra v\u1edbi c\u00e1c c\u1eadp nh\u1eadt v\u00e0 t\u1ef7 l\u1ec7 c\u01b0\u1ee3c th\u1eddi gian th\u1ef1c.<\/li>\n\n\n\n<li><strong>Truy\u1ec1n H\u00ecnh Tr\u1ef1c Ti\u1ebfp<\/strong>: M\u1ed9t s\u1ed1 s\u1ef1 ki\u1ec7n c\u00f3 s\u1eb5n \u0111\u1ec3 truy\u1ec1n tr\u1ef1c ti\u1ebfp qua \u1ee9ng d\u1ee5ng, cho ph\u00e9p ng\u01b0\u1eddi d\u00f9ng v\u1eeba xem v\u1eeba \u0111\u1eb7t c\u01b0\u1ee3c c\u00f9ng l\u00fac.<\/li>\n\n\n\n<li><strong>Multi-Live<\/strong>: M\u1ed9t t\u00ednh n\u0103ng \u0111\u1ed9c \u0111\u00e1o cho ph\u00e9p ng\u01b0\u1eddi d\u00f9ng theo d\u00f5i nhi\u1ec1u s\u1ef1 ki\u1ec7n tr\u1ef1c ti\u1ebfp c\u00f9ng l\u00fac v\u00e0 \u0111\u1eb7t c\u01b0\u1ee3c.<\/li>\n\n\n\n<li><strong>Tr\u00f2 Ch\u01a1i Casino<\/strong>: \u1ee8ng d\u1ee5ng bao g\u1ed3m nhi\u1ec1u tr\u00f2 ch\u01a1i casino kh\u00e1c nhau, t\u1eeb slots v\u00e0 tr\u00f2 ch\u01a1i b\u00e0n \u0111\u1ebfn tr\u00f2 ch\u01a1i v\u1edbi Dealer tr\u1ef1c ti\u1ebfp.<\/li>\n\n\n\n<li><strong>T\u00f9y Ch\u1ecdn Thanh To\u00e1n<\/strong>: H\u1ed7 tr\u1ee3 nhi\u1ec1u ph\u01b0\u01a1ng th\u1ee9c thanh to\u00e1n kh\u00e1c nhau bao g\u1ed3m th\u1ebb t\u00edn d\u1ee5ng, v\u00ed \u0111i\u1ec7n t\u1eed v\u00e0 ti\u1ec1n \u0111i\u1ec7n t\u1eed.<\/li>\n<\/ul>\n\n\n\n<h3 class=\"wp-block-heading\" id=\"h-t\u1ea3i-v\u1ec1-va-cai-d\u1eb7t-\u1ee9ng-d\u1ee5ng\">T\u1ea3i V\u1ec1 v\u00e0 C\u00e0i \u0110\u1eb7t \u1ee8ng D\u1ee5ng:<\/h3>\n\n\n\n<p>\u1ee8ng d\u1ee5ng 1xBet c\u00f3 th\u1ec3 \u0111\u01b0\u1ee3c t\u1ea3i xu\u1ed1ng t\u1eeb trang web ch\u00ednh th\u1ee9c c\u1ee7a 1xBet. \u0110\u1ed1i v\u1edbi ng\u01b0\u1eddi d\u00f9ng Android, c\u00f3 s\u1eb5n t\u1ec7p APK, trong khi ng\u01b0\u1eddi d\u00f9ng iOS c\u00f3 th\u1ec3 t\u1ea3i \u1ee9ng d\u1ee5ng tr\u1ef1c ti\u1ebfp t\u1eeb App Store. Vi\u1ec7c c\u00e0i \u0111\u1eb7t r\u1ea5t \u0111\u01a1n gi\u1ea3n v\u00e0 \u1ee9ng d\u1ee5ng \u0111\u01b0\u1ee3c c\u1eadp nh\u1eadt th\u01b0\u1eddng xuy\u00ean \u0111\u1ec3 c\u1ea3i thi\u1ec7n b\u1ea3o m\u1eadt v\u00e0 hi\u1ec7u su\u1ea5t.<\/p>\n\n\n\n<h2 class=\"wp-block-heading\" id=\"h-an-toan-va-c\u1ea5p-phep\">An To\u00e0n v\u00e0 C\u1ea5p Ph\u00e9p<\/h2>\n\n\n\n<p>1xBet ho\u1ea1t \u0111\u1ed9ng d\u01b0\u1edbi gi\u1ea5y ph\u00e9p Cura\u00e7ao eGaming, \u0111\u1ea3m b\u1ea3o tu\u00e2n th\u1ee7 c\u00e1c quy \u0111\u1ecbnh v\u1ec1 c\u1edd b\u1ea1c v\u00e0 cung c\u1ea5p m\u00f4i tr\u01b0\u1eddng an to\u00e0n cho ng\u01b0\u1eddi d\u00f9ng. N\u1ec1n t\u1ea3ng n\u00e0y s\u1eed d\u1ee5ng c\u00f4ng ngh\u1ec7 m\u00e3 h\u00f3a ti\u00ean ti\u1ebfn \u0111\u1ec3 b\u1ea3o v\u1ec7 d\u1eef li\u1ec7u ng\u01b0\u1eddi d\u00f9ng v\u00e0 c\u00e1c giao d\u1ecbch t\u00e0i ch\u00ednh.<\/p>\n","protected":false},"excerpt":{"rendered":"<p>1xBet l\u00e0 m\u1ed9t n\u1ec1n t\u1ea3ng c\u00e1 c\u01b0\u1ee3c tr\u1ef1c tuy\u1ebfn n\u1ed5i ti\u1ebfng, thu h\u00fat \u0111\u01b0\u1ee3c m\u1ed9t l\u01b0\u1ee3ng l\u1edbn ng\u01b0\u1eddi d\u00f9ng nh\u1edd v\u00e0o c\u00e1c t\u00f9y ch\u1ecdn c\u00e1 c\u01b0\u1ee3c \u0111a d\u1ea1ng v\u00e0 c\u00e1c t\u00ednh n\u0103ng th\u00e2n thi\u1ec7n v\u1edbi ng\u01b0\u1eddi d\u00f9ng. N\u1ec1n t\u1ea3ng n\u00e0y bao g\u1ed3m c\u00e1 c\u01b0\u1ee3c th\u1ec3 thao, tr\u00f2 ch\u01a1i casino, c\u00e1 c\u01b0\u1ee3c tr\u1ef1c ti\u1ebfp v\u00e0 nhi\u1ec1u [&hellip;]<\/p>\n","protected":false},"author":1,"featured_media":0,"parent":0,"menu_order":0,"comment_status":"closed","ping_status":"closed","template":"","meta":{"_et_pb_use_builder":"off","_et_pb_old_content":"","_et_gb_content_width":"","footnotes":""},"class_list":["post-125","page","type-page","status-publish","hentry"],"yoast_head":"<!-- This site is optimized with the Yoast SEO Premium plugin v22.9 (Yoast SEO v24.1) - https:\/\/yoast.com\/wordpress\/plugins\/seo\/ -->\n<title>\u0110\u00e1nh gi\u00e1 1xbet, T\u1ea3i xu\u1ed1ng APK v\u00e0 M\u00e3 khuy\u1ebfn m\u00e3i - 1XBET<\/title>\n<meta name=\"robots\" content=\"index, follow, max-snippet:-1, max-image-preview:large, max-video-preview:-1\" \/>\n<link rel=\"canonical\" href=\"https:\/\/1xbetx.com\/vi\/danh-gia-1xbet-tai-xuong-apk-va-ma-khuyen-mai\/\" \/>\n<meta property=\"og:locale\" content=\"vi_VN\" \/>\n<meta property=\"og:type\" content=\"article\" \/>\n<meta property=\"og:title\" content=\"\u0110\u00e1nh gi\u00e1 1xbet, T\u1ea3i xu\u1ed1ng APK v\u00e0 M\u00e3 khuy\u1ebfn m\u00e3i\" \/>\n<meta property=\"og:description\" content=\"1xBet l\u00e0 m\u1ed9t n\u1ec1n t\u1ea3ng c\u00e1 c\u01b0\u1ee3c tr\u1ef1c tuy\u1ebfn n\u1ed5i ti\u1ebfng, thu h\u00fat \u0111\u01b0\u1ee3c m\u1ed9t l\u01b0\u1ee3ng l\u1edbn ng\u01b0\u1eddi d\u00f9ng nh\u1edd v\u00e0o c\u00e1c t\u00f9y ch\u1ecdn c\u00e1 c\u01b0\u1ee3c \u0111a d\u1ea1ng v\u00e0 c\u00e1c t\u00ednh n\u0103ng th\u00e2n thi\u1ec7n v\u1edbi ng\u01b0\u1eddi d\u00f9ng. N\u1ec1n t\u1ea3ng n\u00e0y bao g\u1ed3m c\u00e1 c\u01b0\u1ee3c th\u1ec3 thao, tr\u00f2 ch\u01a1i casino, c\u00e1 c\u01b0\u1ee3c tr\u1ef1c ti\u1ebfp v\u00e0 nhi\u1ec1u [&hellip;]\" \/>\n<meta property=\"og:url\" content=\"https:\/\/1xbetx.com\/vi\/danh-gia-1xbet-tai-xuong-apk-va-ma-khuyen-mai\/\" \/>\n<meta property=\"og:site_name\" content=\"1XBET\" \/>\n<meta property=\"article:modified_time\" content=\"2024-07-03T13:00:50+00:00\" \/>\n<meta name=\"twitter:card\" content=\"summary_large_image\" \/>\n<meta name=\"twitter:label1\" content=\"Est. reading time\" \/>\n\t<meta name=\"twitter:data1\" content=\"3 minutes\" \/>\n<script type=\"application\/ld+json\" class=\"yoast-schema-graph\">{\"@context\":\"https:\/\/schema.org\",\"@graph\":[{\"@type\":\"WebPage\",\"@id\":\"https:\/\/1xbetx.com\/vi\/danh-gia-1xbet-tai-xuong-apk-va-ma-khuyen-mai\/\",\"url\":\"https:\/\/1xbetx.com\/vi\/danh-gia-1xbet-tai-xuong-apk-va-ma-khuyen-mai\/\",\"name\":\"\u0110\u00e1nh gi\u00e1 1xbet, T\u1ea3i xu\u1ed1ng APK v\u00e0 M\u00e3 khuy\u1ebfn m\u00e3i - 1XBET\",\"isPartOf\":{\"@id\":\"https:\/\/1xbetx.com\/#website\"},\"datePublished\":\"2024-06-26T15:53:59+00:00\",\"dateModified\":\"2024-07-03T13:00:50+00:00\",\"breadcrumb\":{\"@id\":\"https:\/\/1xbetx.com\/vi\/danh-gia-1xbet-tai-xuong-apk-va-ma-khuyen-mai\/#breadcrumb\"},\"inLanguage\":\"vi-VN\",\"potentialAction\":[{\"@type\":\"ReadAction\",\"target\":[\"https:\/\/1xbetx.com\/vi\/danh-gia-1xbet-tai-xuong-apk-va-ma-khuyen-mai\/\"]}]},{\"@type\":\"BreadcrumbList\",\"@id\":\"https:\/\/1xbetx.com\/vi\/danh-gia-1xbet-tai-xuong-apk-va-ma-khuyen-mai\/#breadcrumb\",\"itemListElement\":[{\"@type\":\"ListItem\",\"position\":1,\"name\":\"Home\",\"item\":\"https:\/\/1xbetx.com\/vi\/danh-gia-1xbet-tai-xuong-apk-va-ma-khuyen-mai\/\"},{\"@type\":\"ListItem\",\"position\":2,\"name\":\"\u0110\u00e1nh gi\u00e1 1xbet, T\u1ea3i xu\u1ed1ng APK v\u00e0 M\u00e3 khuy\u1ebfn m\u00e3i\"}]},{\"@type\":\"WebSite\",\"@id\":\"https:\/\/1xbetx.com\/#website\",\"url\":\"https:\/\/1xbetx.com\/\",\"name\":\"1XBET\",\"description\":\"\",\"potentialAction\":[{\"@type\":\"SearchAction\",\"target\":{\"@type\":\"EntryPoint\",\"urlTemplate\":\"https:\/\/1xbetx.com\/?s={search_term_string}\"},\"query-input\":{\"@type\":\"PropertyValueSpecification\",\"valueRequired\":true,\"valueName\":\"search_term_string\"}}],\"inLanguage\":\"vi-VN\"}]}<\/script>\n<!-- \/ Yoast SEO Premium plugin. -->","yoast_head_json":{"title":"\u0110\u00e1nh gi\u00e1 1xbet, T\u1ea3i xu\u1ed1ng APK v\u00e0 M\u00e3 khuy\u1ebfn m\u00e3i - 1XBET","robots":{"index":"index","follow":"follow","max-snippet":"max-snippet:-1","max-image-preview":"max-image-preview:large","max-video-preview":"max-video-preview:-1"},"canonical":"https:\/\/1xbetx.com\/vi\/danh-gia-1xbet-tai-xuong-apk-va-ma-khuyen-mai\/","og_locale":"vi_VN","og_type":"article","og_title":"\u0110\u00e1nh gi\u00e1 1xbet, T\u1ea3i xu\u1ed1ng APK v\u00e0 M\u00e3 khuy\u1ebfn m\u00e3i","og_description":"1xBet l\u00e0 m\u1ed9t n\u1ec1n t\u1ea3ng c\u00e1 c\u01b0\u1ee3c tr\u1ef1c tuy\u1ebfn n\u1ed5i ti\u1ebfng, thu h\u00fat \u0111\u01b0\u1ee3c m\u1ed9t l\u01b0\u1ee3ng l\u1edbn ng\u01b0\u1eddi d\u00f9ng nh\u1edd v\u00e0o c\u00e1c t\u00f9y ch\u1ecdn c\u00e1 c\u01b0\u1ee3c \u0111a d\u1ea1ng v\u00e0 c\u00e1c t\u00ednh n\u0103ng th\u00e2n thi\u1ec7n v\u1edbi ng\u01b0\u1eddi d\u00f9ng. N\u1ec1n t\u1ea3ng n\u00e0y bao g\u1ed3m c\u00e1 c\u01b0\u1ee3c th\u1ec3 thao, tr\u00f2 ch\u01a1i casino, c\u00e1 c\u01b0\u1ee3c tr\u1ef1c ti\u1ebfp v\u00e0 nhi\u1ec1u [&hellip;]","og_url":"https:\/\/1xbetx.com\/vi\/danh-gia-1xbet-tai-xuong-apk-va-ma-khuyen-mai\/","og_site_name":"1XBET","article_modified_time":"2024-07-03T13:00:50+00:00","twitter_card":"summary_large_image","twitter_misc":{"Est. reading time":"3 minutes"},"schema":{"@context":"https:\/\/schema.org","@graph":[{"@type":"WebPage","@id":"https:\/\/1xbetx.com\/vi\/danh-gia-1xbet-tai-xuong-apk-va-ma-khuyen-mai\/","url":"https:\/\/1xbetx.com\/vi\/danh-gia-1xbet-tai-xuong-apk-va-ma-khuyen-mai\/","name":"\u0110\u00e1nh gi\u00e1 1xbet, T\u1ea3i xu\u1ed1ng APK v\u00e0 M\u00e3 khuy\u1ebfn m\u00e3i - 1XBET","isPartOf":{"@id":"https:\/\/1xbetx.com\/#website"},"datePublished":"2024-06-26T15:53:59+00:00","dateModified":"2024-07-03T13:00:50+00:00","breadcrumb":{"@id":"https:\/\/1xbetx.com\/vi\/danh-gia-1xbet-tai-xuong-apk-va-ma-khuyen-mai\/#breadcrumb"},"inLanguage":"vi-VN","potentialAction":[{"@type":"ReadAction","target":["https:\/\/1xbetx.com\/vi\/danh-gia-1xbet-tai-xuong-apk-va-ma-khuyen-mai\/"]}]},{"@type":"BreadcrumbList","@id":"https:\/\/1xbetx.com\/vi\/danh-gia-1xbet-tai-xuong-apk-va-ma-khuyen-mai\/#breadcrumb","itemListElement":[{"@type":"ListItem","position":1,"name":"Home","item":"https:\/\/1xbetx.com\/vi\/danh-gia-1xbet-tai-xuong-apk-va-ma-khuyen-mai\/"},{"@type":"ListItem","position":2,"name":"\u0110\u00e1nh gi\u00e1 1xbet, T\u1ea3i xu\u1ed1ng APK v\u00e0 M\u00e3 khuy\u1ebfn m\u00e3i"}]},{"@type":"WebSite","@id":"https:\/\/1xbetx.com\/#website","url":"https:\/\/1xbetx.com\/","name":"1XBET","description":"","potentialAction":[{"@type":"SearchAction","target":{"@type":"EntryPoint","urlTemplate":"https:\/\/1xbetx.com\/?s={search_term_string}"},"query-input":{"@type":"PropertyValueSpecification","valueRequired":true,"valueName":"search_term_string"}}],"inLanguage":"vi-VN"}]}},"_links":{"self":[{"href":"https:\/\/1xbetx.com\/vi\/wp-json\/wp\/v2\/pages\/125","targetHints":{"allow":["GET"]}}],"collection":[{"href":"https:\/\/1xbetx.com\/vi\/wp-json\/wp\/v2\/pages"}],"about":[{"href":"https:\/\/1xbetx.com\/vi\/wp-json\/wp\/v2\/types\/page"}],"author":[{"embeddable":true,"href":"https:\/\/1xbetx.com\/vi\/wp-json\/wp\/v2\/users\/1"}],"replies":[{"embeddable":true,"href":"https:\/\/1xbetx.com\/vi\/wp-json\/wp\/v2\/comments?post=125"}],"version-history":[{"count":1,"href":"https:\/\/1xbetx.com\/vi\/wp-json\/wp\/v2\/pages\/125\/revisions"}],"predecessor-version":[{"id":126,"href":"https:\/\/1xbetx.com\/vi\/wp-json\/wp\/v2\/pages\/125\/revisions\/126"}],"wp:attachment":[{"href":"https:\/\/1xbetx.com\/vi\/wp-json\/wp\/v2\/media?parent=125"}],"curies":[{"name":"wp","href":"https:\/\/api.w.org\/{rel}","templated":true}]}}